{"id":97,"date":"2014-11-26T18:31:02","date_gmt":"2014-11-26T18:31:02","guid":{"rendered":"http:\/\/www.mnkystudio.com\/care\/?page_id=97"},"modified":"2020-05-07T16:09:04","modified_gmt":"2020-05-07T16:09:04","slug":"leistungen","status":"publish","type":"page","link":"https:\/\/evers-bau.de\/index.php\/leistungen\/","title":{"rendered":"Leistungen"},"content":{"rendered":"<p>[vc_row full_content_width=&#8220;row-inner-full&#8220; row_seperator=&#8220;row-line-seperator&#8220; top=&#8220;0px&#8220; bottom=&#8220;0px&#8220; bg_color=&#8220;#ffffff&#8220;][vc_column][rev_slider_vc alias=&#8220;leistungen&#8220;][\/vc_column][\/vc_row][vc_row top=&#8220;0px&#8220; bottom=&#8220;30px&#8220; bg_color=&#8220;#fafafa&#8220;][vc_column width=&#8220;1\/3&#8243;][vc_empty_space height=&#8220;20px&#8220;][vc_service icon_name=&#8220;fa-cogs&#8220; title=&#8220;Qualit\u00e4t&#8220; target=&#8220;_self&#8220; icon_color=&#8220;#dd3333&#8243; heading_color=&#8220;#000000&#8243;]Durch langj\u00e4hrige Erfahrung, modernste Ausstattung und fachliche Kompetenz gew\u00e4hrleisten wir unseren Auftraggebern Ergebnisse in perfekter Qualit\u00e4t.[\/vc_service][\/vc_column][vc_column width=&#8220;1\/3&#8243;][vc_empty_space height=&#8220;20px&#8220;][vc_service icon_name=&#8220;fa-cogs&#8220; title=&#8220;Flexibel&#8220; target=&#8220;_self&#8220; icon_color=&#8220;#dd3333&#8243; heading_color=&#8220;#000000&#8243;]ohne wenn und aber auf Anforderungen unserer Partner zu reagieren sowie eine stets direkte Anpassung an ver\u00e4nderte Rahmenbedingungen ist unser Versprechen.[\/vc_service][\/vc_column][vc_column width=&#8220;1\/3&#8243;][vc_empty_space height=&#8220;20px&#8220;][vc_service icon_name=&#8220;fa-cogs&#8220; title=&#8220;Kommunikation&#8220; target=&#8220;_self&#8220; icon_color=&#8220;#dd3333&#8243; heading_color=&#8220;#000000&#8243;]ohne Umwege ist unser Schl\u00fcssel f\u00fcr eine erfolgreiche Partnerschaft. Zuverl\u00e4ssigkeit &amp; pers\u00f6nlicher Einsatz auf allen Arbeitsebenen ist hierbei der Ma\u00dfstab.[\/vc_service][\/vc_column][\/vc_row][vc_row top=&#8220;20px&#8220; bottom=&#8220;0px&#8220;][vc_column][vc_custom_heading text=&#8220;Leistungen&#8220; font_container=&#8220;tag:h3|font_size:26px|text_align:left|color:%23dd3333&#8243; use_theme_fonts=&#8220;yes&#8220;][\/vc_column][\/vc_row][vc_row top=&#8220;12px&#8220; bottom=&#8220;25px&#8220;][vc_column width=&#8220;1\/2&#8243;][vc_custom_heading text=&#8220;Hoch-\/Tiefbau&#8220; font_container=&#8220;tag:h4|text_align:left|color:%23000000&#8243; use_theme_fonts=&#8220;yes&#8220; css_animation=&#8220;none&#8220; link=&#8220;url:https%3A%2F%2Fevers-bau.de%2Findex.php%2Fhochtiefbau%2F|||&#8220;][vc_single_image image=&#8220;3956&#8243; img_size=&#8220;420&#215;240&#8243; onclick=&#8220;custom_link&#8220; link=&#8220;https:\/\/evers-bau.de\/index.php\/hochtiefbau\/&#8220;][vc_column_text]<\/p>\n<p style=\"text-align: left;\">z.B. Industriebau, Ingenieurbau, Anlagenbau, Stahlbetonbau<br \/>\n<a href=\"https:\/\/evers-bau.de\/index.php\/hochtiefbau\/\">[mehr..]<\/a><\/p>\n<p>[\/vc_column_text][\/vc_column][vc_column width=&#8220;1\/2&#8243;][vc_custom_heading text=&#8220;Kanalsanierung&#8220; font_container=&#8220;tag:h4|text_align:left|color:%23000000&#8243; use_theme_fonts=&#8220;yes&#8220; css_animation=&#8220;fadeIn&#8220; link=&#8220;url:https%3A%2F%2Fevers-bau.de%2Findex.php%2Fkanalsanierung%2F|||&#8220;][vc_single_image image=&#8220;3847&#8243; img_size=&#8220;420&#215;240&#8243; onclick=&#8220;custom_link&#8220; link=&#8220;https:\/\/evers-bau.de\/index.php\/kanalsanierung\/&#8220;][vc_column_text]<\/p>\n<p style=\"text-align: left;\">z.B. Reparatur, Renovierung und Erneuerung\u00a0 von Kan\u00e4len<br \/>\n<a href=\"https:\/\/evers-bau.de\/index.php\/kanalsanierung\/\">[mehr..]<\/a><\/p>\n<p>[\/vc_column_text][\/vc_column][\/vc_row][vc_row top=&#8220;20px&#8220; bottom=&#8220;85px&#8220;][vc_column width=&#8220;1\/2&#8243;][vc_custom_heading text=&#8220;Wasserhaltung&#8220; font_container=&#8220;tag:h4|text_align:left|color:%23000000&#8243; use_theme_fonts=&#8220;yes&#8220; link=&#8220;url:https%3A%2F%2Fevers-bau.de%2Findex.php%2Fwasserhaltung%2F|||&#8220;][vc_single_image image=&#8220;3954&#8243; img_size=&#8220;420&#215;240&#8243; onclick=&#8220;custom_link&#8220; link=&#8220;https:\/\/evers-bau.de\/index.php\/wasserhaltung\/&#8220;][vc_column_text]<\/p>\n<p style=\"text-align: left;\">z.B. \u00dcberpumparbeiten, Instandhaltung von Kl\u00e4rbecken<br \/>\n<a href=\"https:\/\/evers-bau.de\/index.php\/wasserhaltung\/\">[mehr..]<\/a><\/p>\n<p>[\/vc_column_text][\/vc_column][vc_column width=&#8220;1\/2&#8243;][vc_custom_heading text=&#8220;Sonderarbeiten&#8220; font_container=&#8220;tag:h4|text_align:left|color:%23000000&#8243; use_theme_fonts=&#8220;yes&#8220; link=&#8220;url:https%3A%2F%2Fevers-bau.de%2Findex.php%2Fsonderarbeiten%2F|||&#8220;][vc_single_image image=&#8220;3841&#8243; img_size=&#8220;420&#215;240&#8243; onclick=&#8220;custom_link&#8220; link=&#8220;https:\/\/evers-bau.de\/index.php\/sonderarbeiten\/&#8220;][vc_column_text]<\/p>\n<p style=\"text-align: left;\">z.B. Abbrucharbeiten, Naturschadensbeseitigung<br \/>\n<a href=\"https:\/\/evers-bau.de\/index.php\/sonderarbeiten\/\">[mehr..]<\/a><\/p>\n<p>[\/vc_column_text][\/vc_column][\/vc_row][vc_row parallax_bg=&#8220;parallax-bg&#8220; bg_cover=&#8220;cover&#8220; bg_position=&#8220;&#8220; textalign=&#8220;center&#8220; top=&#8220;50px&#8220; bottom=&#8220;50px&#8220; bg_image=&#8220;3068&#8243;][vc_column][vc_custom_heading text=&#8220;Vielen Dank f\u00fcr Ihr Interesse !&#8220; font_container=&#8220;tag:h2|font_size:60px|text_align:center|color:%23ffffff&#8220; google_fonts=&#8220;font_family:Oleo%20Script%3Aregular%2C700|font_style:400%20regular%3A400%3Anormal&#8220;][vc_button title=&#8220;Kontakt&#8220; size=&#8220;btn-large&#8220; color=&#8220;btn_white&#8220; button_style=&#8220;minimal_style&#8220; css_animation=&#8220;fadeIn&#8220; link=&#8220;url:https%3A%2F%2Fevers-bau.de%2Findex.php%2Fkontakt%2F|||&#8220;][vc_empty_space height=&#8220;20px&#8220;][\/vc_column][\/vc_row]<\/p>\n","protected":false},"excerpt":{"rendered":"<p>[vc_row full_content_width=&#8220;row-inner-full&#8220; row_seperator=&#8220;row-line-seperator&#8220; top=&#8220;0px&#8220; bottom=&#8220;0px&#8220; bg_color=&#8220;#ffffff&#8220;][vc_column][rev_slider_vc alias=&#8220;leistungen&#8220;][\/vc_column][\/vc_row][vc_row top=&#8220;0px&#8220; bottom=&#8220;30px&#8220; bg_color=&#8220;#fafafa&#8220;][vc_column width=&#8220;1\/3&#8243;][vc_empty_space height=&#8220;20px&#8220;][vc_service icon_name=&#8220;fa-cogs&#8220; title=&#8220;Qualit\u00e4t&#8220; target=&#8220;_self&#8220; icon_color=&#8220;#dd3333&#8243; heading_color=&#8220;#000000&#8243;]Durch langj\u00e4hrige Erfahrung, modernste Ausstattung und fachliche Kompetenz gew\u00e4hrleisten wir unseren Auftraggebern Ergebnisse in perfekter Qualit\u00e4t.[\/vc_service][\/vc_column][vc_column width=&#8220;1\/3&#8243;][vc_empty_space height=&#8220;20px&#8220;][vc_service icon_name=&#8220;fa-cogs&#8220; title=&#8220;Flexibel&#8220; target=&#8220;_self&#8220; icon_color=&#8220;#dd3333&#8243; heading_color=&#8220;#000000&#8243;]ohne wenn und aber auf Anforderungen unserer Partner zu reagieren sowie eine stets direkte Anpassung an ver\u00e4nderte [&hellip;]<\/p>\n","protected":false},"author":1,"featured_media":0,"parent":0,"menu_order":0,"comment_status":"closed","ping_status":"closed","template":"page-full-width.php","meta":[],"_links":{"self":[{"href":"https:\/\/evers-bau.de\/index.php\/wp-json\/wp\/v2\/pages\/97"}],"collection":[{"href":"https:\/\/evers-bau.de\/index.php\/wp-json\/wp\/v2\/pages"}],"about":[{"href":"https:\/\/evers-bau.de\/index.php\/wp-json\/wp\/v2\/types\/page"}],"author":[{"embeddable":true,"href":"https:\/\/evers-bau.de\/index.php\/wp-json\/wp\/v2\/users\/1"}],"replies":[{"embeddable":true,"href":"https:\/\/evers-bau.de\/index.php\/wp-json\/wp\/v2\/comments?post=97"}],"version-history":[{"count":141,"href":"https:\/\/evers-bau.de\/index.php\/wp-json\/wp\/v2\/pages\/97\/revisions"}],"predecessor-version":[{"id":4542,"href":"https:\/\/evers-bau.de\/index.php\/wp-json\/wp\/v2\/pages\/97\/revisions\/4542"}],"wp:attachment":[{"href":"https:\/\/evers-bau.de\/index.php\/wp-json\/wp\/v2\/media?parent=97"}],"curies":[{"name":"wp","href":"https:\/\/api.w.org\/{rel}","templated":true}]}}