{"id":3906,"date":"2018-10-31T17:53:14","date_gmt":"2018-10-31T17:53:14","guid":{"rendered":"https:\/\/evers-bau.de\/?page_id=3906"},"modified":"2020-05-23T18:00:48","modified_gmt":"2020-05-23T18:00:48","slug":"wasserhaltung","status":"publish","type":"page","link":"https:\/\/evers-bau.de\/index.php\/wasserhaltung\/","title":{"rendered":"Wasserhaltung"},"content":{"rendered":"<p>[vc_row full_content_width=&#8220;row-inner-full&#8220; row_seperator=&#8220;row-line-seperator&#8220; top=&#8220;0px&#8220; bottom=&#8220;20px&#8220;][vc_column][rev_slider_vc alias=&#8220;wasserhaltung&#8220;][\/vc_column][\/vc_row][vc_row top=&#8220;15px&#8220; bottom=&#8220;0px&#8220;][vc_column][vc_custom_heading text=&#8220;Leistungen&#8220; font_container=&#8220;tag:h4|font_size:18px|text_align:left|color:%23dd3333&#8243; use_theme_fonts=&#8220;yes&#8220; css_animation=&#8220;none&#8220;][\/vc_column][\/vc_row][vc_row top=&#8220;5px&#8220; bottom=&#8220;20px&#8220;][vc_column width=&#8220;2\/3&#8243;][vc_column_text]<\/p>\n<h3><span style=\"color: #000000;\">Wasserhaltung<\/span><\/h3>\n<p><strong>*\u00a0 Durchf\u00fchrung \u00dcberpumparbeiten<br \/>\n*\u00a0 Umsetzung technischer Ma\u00dfnahmen<br \/>\n<\/strong><\/p>\n<div>\n<p>Durch geeignete technische Ma\u00dfnahmen wird ein Gef\u00e4lle zwischen dem ungest\u00f6rten, au\u00dferhalb der Baugrube, und dem abgesenkten, innerhalb der Baugrube liegenden Horizont erzeugt. Man unterscheidet dabei zwei Wasserhaltungsma\u00dfnahmen:<\/p>\n<\/div>\n<div>\n<p><strong>1. Offene Wasserhaltung<\/strong><\/p>\n<\/div>\n<div>Hierbei erfolgt das Entfernen des Wassers gleichzeitig mit dem Aushub. Das vorhandene und<br \/>\nzuflie\u00dfende Wasser wird in der Baugrube selbst entnommen.<\/div>\n<div>\n<p><strong>2. Grundwasserabsenkung<\/strong><\/p>\n<\/div>\n<div>Die Entfernung des Wassers erfolgt vor dem Aushub der Baugrube oder eines nach unten<\/div>\n<div>begrenzten Aushubabschnittes.<\/div>\n<p>[\/vc_column_text][\/vc_column][vc_column width=&#8220;1\/3&#8243; offset=&#8220;vc_hidden-sm vc_hidden-xs&#8220;][vc_column_text]<strong>Arbeitsbereiche<br \/>\n<\/strong><br \/>\n<a href=\"https:\/\/evers-bau.de\/index.php\/leistungen\/\">Leistungen &#8211; \u00dcbersicht<\/a><br \/>\n<a href=\"https:\/\/evers-bau.de\/index.php\/hochtiefbau\/\">Hoch- &amp; Tiefbau<\/a><br \/>\n<a href=\"https:\/\/evers-bau.de\/index.php\/kanalsanierung\/\">Kanalsanierung<\/a><br \/>\n<a href=\"https:\/\/evers-bau.de\/index.php\/wasserhaltung\/\">Wasserhaltung<\/a><br \/>\n<a href=\"https:\/\/evers-bau.de\/index.php\/sonderarbeiten\/\">Sonderarbeiten<\/a>[\/vc_column_text][\/vc_column][\/vc_row][vc_row top=&#8220;20px&#8220; bottom=&#8220;20px&#8220;][vc_column][vc_column_text]<\/p>\n<p>[\/vc_column_text][\/vc_column][\/vc_row][vc_row top=&#8220;15px&#8220; bottom=&#8220;0px&#8220; bg_color=&#8220;#fafafa&#8220;][vc_column][vc_custom_heading text=&#8220;Impressionen&#8220; font_container=&#8220;tag:h2|text_align:left|color:%23dd3333&#8243; use_theme_fonts=&#8220;yes&#8220;][\/vc_column][\/vc_row][vc_row top=&#8220;10px&#8220; bottom=&#8220;30px&#8220; row_show_on=&#8220;hide_tablet_portrait,hide_mobile_landscape,hide_mobile_portrait&#8220; bg_color=&#8220;#fafafa&#8220;][vc_column width=&#8220;1\/3&#8243;][vc_column_text css=&#8220;.vc_custom_1589124846781{background-color: #ffffff !important;}&#8220;]<\/p>\n<p style=\"text-align: center;\"><strong>Wasserhaltung<\/strong><\/p>\n<p>[\/vc_column_text][vc_single_image image=&#8220;4330&#8243; img_size=&#8220;400&#215;300&#8243; onclick=&#8220;link_image&#8220; css=&#8220;.vc_custom_1588707910186{background-color: #ffffff !important;}&#8220;][vc_column_text css=&#8220;.vc_custom_1590255530392{background-color: #ffffff !important;}&#8220;]<\/p>\n<p style=\"text-align: center;\">Dammtafel Sonderanfertigung<\/p>\n<p>[\/vc_column_text][vc_empty_space height=&#8220;15px&#8220;][\/vc_column][vc_column width=&#8220;1\/3&#8243;][vc_column_text css=&#8220;.vc_custom_1589124846781{background-color: #ffffff !important;}&#8220;]<\/p>\n<p style=\"text-align: center;\"><strong>Wasserhaltung<\/strong><\/p>\n<p>[\/vc_column_text][vc_single_image image=&#8220;4331&#8243; img_size=&#8220;400&#215;300&#8243; onclick=&#8220;link_image&#8220; css=&#8220;.vc_custom_1588707890429{background-color: #ffffff !important;}&#8220;][vc_column_text css=&#8220;.vc_custom_1588708041626{background-color: #ffffff !important;}&#8220;]<\/p>\n<p style=\"text-align: center;\">\u00dcberpumparbeiten<\/p>\n<p>[\/vc_column_text][vc_empty_space height=&#8220;15px&#8220;][\/vc_column][vc_column width=&#8220;1\/3&#8243;][vc_column_text css=&#8220;.vc_custom_1589124846781{background-color: #ffffff !important;}&#8220;]<\/p>\n<p style=\"text-align: center;\"><strong>Wasserhaltung<\/strong><\/p>\n<p>[\/vc_column_text][vc_single_image image=&#8220;4329&#8243; img_size=&#8220;400&#215;300&#8243; onclick=&#8220;link_image&#8220; css=&#8220;.vc_custom_1588707747009{background-color: #ffffff !important;}&#8220;][vc_column_text css=&#8220;.vc_custom_1588708029147{background-color: #ffffff !important;}&#8220;]<\/p>\n<p style=\"text-align: center;\">\u00dcberpumparbeiten<\/p>\n<p>[\/vc_column_text][vc_empty_space height=&#8220;15px&#8220;][\/vc_column][\/vc_row][vc_row top=&#8220;10px&#8220; bottom=&#8220;30px&#8220; row_show_on=&#8220;hide_tablet_portrait,hide_mobile_landscape,hide_mobile_portrait&#8220; bg_color=&#8220;#fafafa&#8220;][vc_column width=&#8220;1\/3&#8243;][vc_column_text css=&#8220;.vc_custom_1589124846781{background-color: #ffffff !important;}&#8220;]<\/p>\n<p style=\"text-align: center;\"><strong>Wasserhaltung<\/strong><\/p>\n<p>[\/vc_column_text][vc_single_image image=&#8220;4491&#8243; img_size=&#8220;400&#215;300&#8243; onclick=&#8220;link_image&#8220; css=&#8220;.vc_custom_1588708303689{background-color: #ffffff !important;}&#8220;][vc_column_text css=&#8220;.vc_custom_1588708029147{background-color: #ffffff !important;}&#8220;]<\/p>\n<p style=\"text-align: center;\">\u00dcberpumparbeiten<\/p>\n<p>[\/vc_column_text][vc_empty_space height=&#8220;15px&#8220;][\/vc_column][vc_column width=&#8220;1\/3&#8243;][vc_column_text css=&#8220;.vc_custom_1589124846781{background-color: #ffffff !important;}&#8220;]<\/p>\n<p style=\"text-align: center;\"><strong>Wasserhaltung<\/strong><\/p>\n<p>[\/vc_column_text][vc_single_image image=&#8220;3579&#8243; img_size=&#8220;400&#215;300&#8243; onclick=&#8220;link_image&#8220; css=&#8220;.vc_custom_1588707999141{background-color: #ffffff !important;}&#8220;][vc_column_text css=&#8220;.vc_custom_1588708022489{background-color: #ffffff !important;}&#8220;]<\/p>\n<p style=\"text-align: center;\">Mobile Hochleistungspumpen<\/p>\n<p>[\/vc_column_text][vc_empty_space height=&#8220;15px&#8220;][\/vc_column][vc_column width=&#8220;1\/3&#8243;][vc_column_text css=&#8220;.vc_custom_1589124846781{background-color: #ffffff !important;}&#8220;]<\/p>\n<p style=\"text-align: center;\"><strong>Wasserhaltung<\/strong><\/p>\n<p>[\/vc_column_text][vc_single_image image=&#8220;3582&#8243; img_size=&#8220;400&#215;300&#8243; onclick=&#8220;link_image&#8220; css=&#8220;.vc_custom_1588708066649{background-color: #ffffff !important;}&#8220;][vc_column_text css=&#8220;.vc_custom_1588708097407{background-color: #ffffff !important;}&#8220;]<\/p>\n<p style=\"text-align: center;\">SELLWOOD Pumpen im Einsatz<\/p>\n<p>[\/vc_column_text][vc_empty_space height=&#8220;15px&#8220;][\/vc_column][\/vc_row][vc_row top=&#8220;10px&#8220; bottom=&#8220;30px&#8220; row_show_on=&#8220;hide_tablet_portrait,hide_mobile_landscape,hide_mobile_portrait&#8220; bg_color=&#8220;#fafafa&#8220;][vc_column width=&#8220;1\/3&#8243;][vc_column_text css=&#8220;.vc_custom_1589124846781{background-color: #ffffff !important;}&#8220;]<\/p>\n<p style=\"text-align: center;\"><strong>Wasserhaltung<\/strong><\/p>\n<p>[\/vc_column_text][vc_single_image image=&#8220;4493&#8243; img_size=&#8220;400&#215;300&#8243; onclick=&#8220;link_image&#8220; css=&#8220;.vc_custom_1588708530422{background-color: #ffffff !important;}&#8220;][vc_column_text css=&#8220;.vc_custom_1588708029147{background-color: #ffffff !important;}&#8220;]<\/p>\n<p style=\"text-align: center;\">\u00dcberpumparbeiten<\/p>\n<p>[\/vc_column_text][vc_empty_space height=&#8220;15px&#8220;][\/vc_column][vc_column width=&#8220;1\/3&#8243;][vc_column_text css=&#8220;.vc_custom_1589124846781{background-color: #ffffff !important;}&#8220;]<\/p>\n<p style=\"text-align: center;\"><strong>Wasserhaltung<\/strong><\/p>\n<p>[\/vc_column_text][vc_single_image image=&#8220;3878&#8243; img_size=&#8220;400&#215;300&#8243; onclick=&#8220;link_image&#8220; css=&#8220;.vc_custom_1588708134180{background-color: #ffffff !important;}&#8220;][vc_column_text css=&#8220;.vc_custom_1588708029147{background-color: #ffffff !important;}&#8220;]<\/p>\n<p style=\"text-align: center;\">\u00dcberpumparbeiten<\/p>\n<p>[\/vc_column_text][vc_empty_space height=&#8220;15px&#8220;][\/vc_column][vc_column width=&#8220;1\/3&#8243;][vc_column_text css=&#8220;.vc_custom_1589124846781{background-color: #ffffff !important;}&#8220;]<\/p>\n<p style=\"text-align: center;\"><strong>Wasserhaltung<\/strong><\/p>\n<p>[\/vc_column_text][vc_single_image image=&#8220;4125&#8243; img_size=&#8220;400&#215;300&#8243; onclick=&#8220;link_image&#8220; css=&#8220;.vc_custom_1588886396673{background-color: #ffffff !important;}&#8220;][vc_column_text css=&#8220;.vc_custom_1589124987605{background-color: #ffffff !important;}&#8220;]<\/p>\n<p style=\"text-align: center;\">Wasserhaltung vor Bauma\u00dfnahme<\/p>\n<p>[\/vc_column_text][vc_empty_space height=&#8220;15px&#8220;][\/vc_column][\/vc_row][vc_row top=&#8220;10px&#8220; bottom=&#8220;30px&#8220; row_show_on=&#8220;hide_on_normal_screen,hide_tablet_landscape&#8220; bg_color=&#8220;#fafafa&#8220;][vc_column width=&#8220;1\/4&#8243;][vc_column_text css=&#8220;.vc_custom_1589124846781{background-color: #ffffff !important;}&#8220;]<\/p>\n<p style=\"text-align: center;\"><strong>Wasserhaltung<\/strong><\/p>\n<p>[\/vc_column_text][vc_single_image image=&#8220;4330&#8243; img_size=&#8220;400&#215;300&#8243; css=&#8220;.vc_custom_1590174050302{background-color: #ffffff !important;}&#8220;][vc_column_text css=&#8220;.vc_custom_1590256844843{background-color: #ffffff !important;}&#8220;]<\/p>\n<div class=\"wpb_text_column wpb_content_element vc_custom_1590255530392\">\n<div class=\"wpb_wrapper\">\n<p style=\"text-align: center;\">Dammtafel Sonderanfertigung<\/p>\n<\/div>\n<\/div>\n<div class=\"vc_empty_space\" style=\"text-align: center;\"><\/div>\n<p>[\/vc_column_text][vc_empty_space height=&#8220;15px&#8220;][\/vc_column][vc_column width=&#8220;1\/4&#8243;][vc_column_text css=&#8220;.vc_custom_1589124846781{background-color: #ffffff !important;}&#8220;]<\/p>\n<p style=\"text-align: center;\"><strong>Wasserhaltung<\/strong><\/p>\n<p>[\/vc_column_text][vc_single_image image=&#8220;4331&#8243; img_size=&#8220;400&#215;300&#8243; css=&#8220;.vc_custom_1590174061147{background-color: #ffffff !important;}&#8220;][vc_column_text css=&#8220;.vc_custom_1588708041626{background-color: #ffffff !important;}&#8220;]<\/p>\n<p style=\"text-align: center;\">\u00dcberpumparbeiten<\/p>\n<p>[\/vc_column_text][vc_empty_space height=&#8220;15px&#8220;][\/vc_column][vc_column width=&#8220;1\/4&#8243;][vc_column_text css=&#8220;.vc_custom_1589124846781{background-color: #ffffff !important;}&#8220;]<\/p>\n<p style=\"text-align: center;\"><strong>Wasserhaltung<\/strong><\/p>\n<p>[\/vc_column_text][vc_single_image image=&#8220;4329&#8243; img_size=&#8220;400&#215;300&#8243; css=&#8220;.vc_custom_1590174069880{background-color: #ffffff !important;}&#8220;][vc_column_text css=&#8220;.vc_custom_1588708029147{background-color: #ffffff !important;}&#8220;]<\/p>\n<p style=\"text-align: center;\">\u00dcberpumparbeiten<\/p>\n<p>[\/vc_column_text][vc_empty_space height=&#8220;15px&#8220;][\/vc_column][vc_column width=&#8220;1\/4&#8243;][vc_column_text css=&#8220;.vc_custom_1589124846781{background-color: #ffffff !important;}&#8220;]<\/p>\n<p style=\"text-align: center;\"><strong>Wasserhaltung<\/strong><\/p>\n<p>[\/vc_column_text][vc_single_image image=&#8220;4491&#8243; img_size=&#8220;400&#215;300&#8243; css=&#8220;.vc_custom_1590174078715{background-color: #ffffff !important;}&#8220;][vc_column_text css=&#8220;.vc_custom_1588708029147{background-color: #ffffff !important;}&#8220;]<\/p>\n<p style=\"text-align: center;\">\u00dcberpumparbeiten<\/p>\n<p>[\/vc_column_text][vc_empty_space height=&#8220;15px&#8220;][\/vc_column][\/vc_row][vc_row top=&#8220;10px&#8220; bottom=&#8220;30px&#8220; row_show_on=&#8220;hide_on_normal_screen,hide_tablet_landscape&#8220; bg_color=&#8220;#fafafa&#8220;][vc_column width=&#8220;1\/4&#8243;][vc_column_text css=&#8220;.vc_custom_1589124846781{background-color: #ffffff !important;}&#8220;]<\/p>\n<p style=\"text-align: center;\"><strong>Wasserhaltung<\/strong><\/p>\n<p>[\/vc_column_text][vc_single_image image=&#8220;4125&#8243; img_size=&#8220;400&#215;300&#8243; css=&#8220;.vc_custom_1590174131987{background-color: #ffffff !important;}&#8220;][vc_column_text css=&#8220;.vc_custom_1589124987605{background-color: #ffffff !important;}&#8220;]<\/p>\n<p style=\"text-align: center;\">Wasserhaltung vor Bauma\u00dfnahme<\/p>\n<p>[\/vc_column_text][vc_empty_space height=&#8220;15px&#8220;][\/vc_column][vc_column width=&#8220;1\/4&#8243;][vc_column_text css=&#8220;.vc_custom_1589124846781{background-color: #ffffff !important;}&#8220;]<\/p>\n<p style=\"text-align: center;\"><strong>Wasserhaltung<\/strong><\/p>\n<p>[\/vc_column_text][vc_single_image image=&#8220;3579&#8243; img_size=&#8220;400&#215;300&#8243; css=&#8220;.vc_custom_1590174142098{background-color: #ffffff !important;}&#8220;][vc_column_text css=&#8220;.vc_custom_1588708022489{background-color: #ffffff !important;}&#8220;]<\/p>\n<p style=\"text-align: center;\">Mobile Hochleistungspumpen<\/p>\n<p>[\/vc_column_text][vc_empty_space height=&#8220;15px&#8220;][\/vc_column][vc_column width=&#8220;1\/4&#8243;][vc_column_text css=&#8220;.vc_custom_1589124846781{background-color: #ffffff !important;}&#8220;]<\/p>\n<p style=\"text-align: center;\"><strong>Wasserhaltung<\/strong><\/p>\n<p>[\/vc_column_text][vc_single_image image=&#8220;4493&#8243; img_size=&#8220;400&#215;300&#8243; css=&#8220;.vc_custom_1590174148903{background-color: #ffffff !important;}&#8220;][vc_column_text css=&#8220;.vc_custom_1588708029147{background-color: #ffffff !important;}&#8220;]<\/p>\n<p style=\"text-align: center;\">\u00dcberpumparbeiten<\/p>\n<p>[\/vc_column_text][vc_empty_space height=&#8220;15px&#8220;][\/vc_column][vc_column width=&#8220;1\/4&#8243;][vc_column_text css=&#8220;.vc_custom_1589124846781{background-color: #ffffff !important;}&#8220;]<\/p>\n<p style=\"text-align: center;\"><strong>Wasserhaltung<\/strong><\/p>\n<p>[\/vc_column_text][vc_single_image image=&#8220;3582&#8243; img_size=&#8220;400&#215;300&#8243; css=&#8220;.vc_custom_1590174159625{background-color: #ffffff !important;}&#8220;][vc_column_text css=&#8220;.vc_custom_1588708097407{background-color: #ffffff !important;}&#8220;]<\/p>\n<p style=\"text-align: center;\">SELLWOOD Pumpen im Einsatz<\/p>\n<p>[\/vc_column_text][vc_empty_space height=&#8220;15px&#8220;][\/vc_column][\/vc_row][vc_row top=&#8220;10px&#8220; bottom=&#8220;30px&#8220; row_show_on=&#8220;hide_on_normal_screen,hide_tablet_landscape&#8220; bg_color=&#8220;#fafafa&#8220;][vc_column width=&#8220;1\/4&#8243;][vc_column_text css=&#8220;.vc_custom_1589124846781{background-color: #ffffff !important;}&#8220;]<\/p>\n<p style=\"text-align: center;\"><strong>Wasserhaltung<\/strong><\/p>\n<p>[\/vc_column_text][vc_single_image image=&#8220;3878&#8243; img_size=&#8220;400&#215;300&#8243; css=&#8220;.vc_custom_1590174244142{background-color: #ffffff !important;}&#8220;][vc_empty_space height=&#8220;15px&#8220;][vc_column_text css=&#8220;.vc_custom_1588708029147{background-color: #ffffff !important;}&#8220;]<\/p>\n<p style=\"text-align: center;\">\u00dcberpumparbeiten<\/p>\n<p>[\/vc_column_text][\/vc_column][vc_column width=&#8220;1\/4&#8243;][vc_empty_space height=&#8220;15px&#8220;][\/vc_column][vc_column width=&#8220;1\/4&#8243;][vc_empty_space height=&#8220;15px&#8220;][\/vc_column][vc_column width=&#8220;1\/4&#8243;][vc_empty_space height=&#8220;15px&#8220;][\/vc_column][\/vc_row][vc_row parallax_bg=&#8220;parallax-bg&#8220; bg_cover=&#8220;cover&#8220; bg_position=&#8220;Center bottom&#8220; top=&#8220;100px&#8220; bottom=&#8220;80px&#8220; bg_color=&#8220;#3498db&#8220; bg_image=&#8220;4719&#8243; font_color=&#8220;#ffffff&#8220;][vc_column][vc_testimonial_slider style=&#8220;testimonials-style-2&#8243; animation=&#8220;slide&#8220; slide_speed=&#8220;10&#8243; bullets=&#8220;paging-false&#8220;][vc_testimonial name=&#8220;EVERS BAUNUNTERNEHMUNG GMBH&#8220; author_dec=&#8220;&#8220; position=&#8220;Designer&#8220;]Wir danken f\u00fcr Ihr Interesse! [\/vc_testimonial][\/vc_testimonial_slider][\/vc_column][\/vc_row][vc_column][\/vc_column]<\/p>\n","protected":false},"excerpt":{"rendered":"<p>[vc_row full_content_width=&#8220;row-inner-full&#8220; row_seperator=&#8220;row-line-seperator&#8220; top=&#8220;0px&#8220; bottom=&#8220;20px&#8220;][vc_column][rev_slider_vc alias=&#8220;wasserhaltung&#8220;][\/vc_column][\/vc_row][vc_row top=&#8220;15px&#8220; bottom=&#8220;0px&#8220;][vc_column][vc_custom_heading text=&#8220;Leistungen&#8220; font_container=&#8220;tag:h4|font_size:18px|text_align:left|color:%23dd3333&#8243; use_theme_fonts=&#8220;yes&#8220; css_animation=&#8220;none&#8220;][\/vc_column][\/vc_row][vc_row top=&#8220;5px&#8220; bottom=&#8220;20px&#8220;][vc_column width=&#8220;2\/3&#8243;][vc_column_text] Wasserhaltung *\u00a0 Durchf\u00fchrung \u00dcberpumparbeiten *\u00a0 Umsetzung technischer Ma\u00dfnahmen Durch geeignete technische Ma\u00dfnahmen wird ein Gef\u00e4lle zwischen dem ungest\u00f6rten, au\u00dferhalb der Baugrube, und dem abgesenkten, innerhalb der Baugrube liegenden Horizont erzeugt. Man unterscheidet dabei zwei Wasserhaltungsma\u00dfnahmen: 1. Offene Wasserhaltung Hierbei erfolgt [&hellip;]<\/p>\n","protected":false},"author":1,"featured_media":0,"parent":0,"menu_order":0,"comment_status":"closed","ping_status":"closed","template":"page-full-width.php","meta":[],"_links":{"self":[{"href":"https:\/\/evers-bau.de\/index.php\/wp-json\/wp\/v2\/pages\/3906"}],"collection":[{"href":"https:\/\/evers-bau.de\/index.php\/wp-json\/wp\/v2\/pages"}],"about":[{"href":"https:\/\/evers-bau.de\/index.php\/wp-json\/wp\/v2\/types\/page"}],"author":[{"embeddable":true,"href":"https:\/\/evers-bau.de\/index.php\/wp-json\/wp\/v2\/users\/1"}],"replies":[{"embeddable":true,"href":"https:\/\/evers-bau.de\/index.php\/wp-json\/wp\/v2\/comments?post=3906"}],"version-history":[{"count":45,"href":"https:\/\/evers-bau.de\/index.php\/wp-json\/wp\/v2\/pages\/3906\/revisions"}],"predecessor-version":[{"id":4752,"href":"https:\/\/evers-bau.de\/index.php\/wp-json\/wp\/v2\/pages\/3906\/revisions\/4752"}],"wp:attachment":[{"href":"https:\/\/evers-bau.de\/index.php\/wp-json\/wp\/v2\/media?parent=3906"}],"curies":[{"name":"wp","href":"https:\/\/api.w.org\/{rel}","templated":true}]}}