{"id":2996,"date":"2018-08-18T14:52:01","date_gmt":"2018-08-18T14:52:01","guid":{"rendered":"https:\/\/evers-bau.de\/?page_id=2996"},"modified":"2020-05-23T17:29:03","modified_gmt":"2020-05-23T17:29:03","slug":"historie","status":"publish","type":"page","link":"https:\/\/evers-bau.de\/index.php\/historie\/","title":{"rendered":"Historie"},"content":{"rendered":"<p>[vc_row full_content_width=&#8220;row-inner-full&#8220; row_seperator=&#8220;row-line-seperator&#8220; top=&#8220;0px&#8220; bottom=&#8220;20px&#8220;][vc_column][rev_slider_vc alias=&#8220;image-hero7&#8243;][\/vc_column][\/vc_row][vc_row top=&#8220;15px&#8220; bottom=&#8220;0px&#8220;][vc_column][vc_custom_heading text=&#8220;Stefan Evers Bauunternehmung&#8220; font_container=&#8220;tag:h3|font_size:26px|text_align:left|color:%23dd3333&#8243; use_theme_fonts=&#8220;yes&#8220; css_animation=&#8220;fadeIn&#8220;][\/vc_column][\/vc_row][vc_row top=&#8220;5px&#8220; bottom=&#8220;20px&#8220;][vc_column][vc_column_text]<\/p>\n<h3><span style=\"color: #000000;\">Firmenhistorie<\/span><\/h3>\n<p><strong>&#8222;Tradition hei\u00dft nicht, Asche zu bewachen, sondern die Glut anzufachen.&#8220;<br \/>\n<\/strong><span style=\"font-size: 8pt;\">(Benjamin Franklin)<br \/>\n<\/span><br \/>\nDies k\u00f6nnte ein Leitmotiv sein, welches die Firma Stefan Evers Bauunternehmung seit nunmehr \u00fcber 50 Jahren begleitet.<br \/>\nWir stellen uns heute mit Elan aktuellen Herausforderungen wie der Digitalisierung im Bauhandwerk genauso, wie wir historische Erfordernisse wie Rationalisierung durch heute selbstverst\u00e4ndliche Hilfsmittel und Ger\u00e4tschaften erfolgreich absolviert haben.<\/p>\n<p>Die entscheidenden Merkmale, die durch die Familie Evers weitergetragen werden sind jedoch pers\u00f6nlicher Art:<br \/>\nProfessionalit\u00e4t &amp; Leidenschaft.<\/p>\n<p>Im Folgenden m\u00f6chten wir kurz den Weg der Firma skizzieren. Er dokumentiert die Anpassung der Arbeitsschwerpunkte und f\u00fchrt von den ersten modernen Hilfsmitteln wie z.B. dem damals innovativen Minibagger BOBCAT zum GPS gest\u00fctzten Rover, der uns mittlerweile bei unserer Arbeit unterst\u00fctzt.[\/vc_column_text][\/vc_column][\/vc_row][vc_row top=&#8220;0px&#8220; bottom=&#8220;20px&#8220;][vc_column][vc_column_text]<\/p>\n<h3 style=\"font-size: 30px; font-weight: 300; text-align: left;\"><strong><span style=\"font-size: 14pt; color: #000000;\">Die Anf\u00e4nge<br \/>\n<\/span><\/strong><\/h3>\n<p>[\/vc_column_text][\/vc_column][\/vc_row][vc_row top=&#8220;0px&#8220; bottom=&#8220;20px&#8220; row_show_on=&#8220;hide_tablet_landscape,hide_tablet_portrait,hide_mobile_landscape,hide_mobile_portrait&#8220;][vc_column width=&#8220;1\/2&#8243;][vc_column_text css=&#8220;.vc_custom_1589122989512{padding-bottom: 20px !important;}&#8220;]<\/p>\n<h5>Stefan Evers &amp; Werner Evers<\/h5>\n<p>[\/vc_column_text][vc_single_image image=&#8220;3072&#8243; img_size=&#8220;full&#8220; css_animation=&#8220;fadeInLeft&#8220;][\/vc_column][vc_column width=&#8220;1\/2&#8243; css=&#8220;.vc_custom_1537023368315{padding-left: 10px !important;}&#8220;][vc_column_text css=&#8220;.vc_custom_1589667418760{padding-top: -2px !important;}&#8220;]<strong>1966 \u00fcbernimmt Werner Evers kurz nach seiner Meisterpr\u00fcfung<\/strong><\/p>\n<p>in M\u00fcnster das seit 1948 bestehende regionale Baunternehmen Pritzlaff.<br \/>\nDamals waren erste Projekte f\u00fcr gr\u00f6\u00dfere Tr\u00e4ger, wie z.B. die Errichtung aller evangelischen Kirchen und Gemeindeh\u00e4usern in Bottrop, markante Arbeiten im Bereich Hochbau.<br \/>\nDas damals an der Batenbrockstra\u00dfe ans\u00e4ssige Unternehmen expandierte unter der Leitung von Werner Evers schnell.<br \/>\nIn der Folge erfolgte bereits ab 1970 der Umzug der Firma in mehreren Schritten (1972 Hallen, 1976 B\u00fcro) an die Boschstra\u00dfe in Bottrop-Grafenwald.<\/p>\n<p>Das Fundament nachhaltigen Erfolgs und Wachstums trotz damaliger Rezessionsphasen im Bauhandwerk wurde von Werner Evers schon damals gelegt. Vielseitigkeit, Qualit\u00e4t und ein stets moderner <a href=\"https:\/\/evers-bau.de\/index.php\/left-sidebar\/\">Ger\u00e4te- und Fuhrpark<\/a>.[\/vc_column_text][\/vc_column][\/vc_row][vc_row top=&#8220;0px&#8220; bottom=&#8220;20px&#8220; row_show_on=&#8220;hide_on_normal_screen&#8220;][vc_column width=&#8220;1\/2&#8243;][vc_column_text css=&#8220;.vc_custom_1589122989512{padding-bottom: 20px !important;}&#8220;]<\/p>\n<h5>Stefan Evers &amp; Werner Evers<\/h5>\n<p>[\/vc_column_text][vc_single_image image=&#8220;3072&#8243; img_size=&#8220;full&#8220; css_animation=&#8220;fadeInLeft&#8220;][\/vc_column][vc_column width=&#8220;1\/2&#8243; css=&#8220;.vc_custom_1537023368315{padding-left: 10px !important;}&#8220;][vc_column_text css=&#8220;.vc_custom_1589667405476{padding-top: -2px !important;}&#8220;]<strong>1966 \u00fcbernimmt Werner Evers<br \/>\n<\/strong><\/p>\n<p>kurz nach seiner Meisterpr\u00fcfung in M\u00fcnster das seit 1948 bestehende regionale Baunternehmen Pritzlaff.<br \/>\nDamals waren erste Projekte f\u00fcr gr\u00f6\u00dfere Tr\u00e4ger, wie z.B. die Errichtung aller evangelischen Kirchen und Gemeindeh\u00e4usern in Bottrop, markante Arbeiten im Bereich Hochbau.<br \/>\nDas damals an der Batenbrockstra\u00dfe ans\u00e4ssige Unternehmen expandierte unter der Leitung von Werner Evers schnell.<br \/>\nIn der Folge erfolgte bereits ab 1970 der Umzug der Firma in mehreren Schritten (1972 Hallen, 1976 B\u00fcro) an die Boschstra\u00dfe in Bottrop-Grafenwald.<\/p>\n<p>Das Fundament nachhaltigen Erfolgs und Wachstums trotz damaliger Rezessionsphasen im Bauhandwerk wurde von Werner Evers schon damals gelegt. Vielseitigkeit, Qualit\u00e4t und ein stets moderner <a href=\"https:\/\/evers-bau.de\/index.php\/left-sidebar\/\">Ger\u00e4te- und Fuhrpark<\/a>.[\/vc_column_text][\/vc_column][\/vc_row][vc_row top=&#8220;10px&#8220; bottom=&#8220;20px&#8220;][vc_column][vc_column_text]<\/p>\n<h3 style=\"font-size: 30px; font-weight: 300; text-align: left;\"><strong><span style=\"font-size: 14pt; color: #000000;\">Damals &#8211; Heute<br \/>\n<\/span><\/strong><\/h3>\n<p>[\/vc_column_text][\/vc_column][\/vc_row][vc_row top=&#8220;0px&#8220; bottom=&#8220;20px&#8220; row_show_on=&#8220;hide_tablet_portrait&#8220;][vc_column width=&#8220;1\/2&#8243; css=&#8220;.vc_custom_1483456471634{padding-right: 30px !important;}&#8220;][vc_column_text]<strong>Fr\u00fche Arbeitsbereiche waren damals<\/strong><\/p>\n<p>neben dem klassichen Hochbau (Haus- und Wohnungsbau) bereits fr\u00fch auch der Industriebau sowie die Verwirklichung anspruchsvoller Sonderprojekte, wie z.B. einem Hausbau mit Kellern aus Stahlbeton, welche zum Ausgleich von Bergsetzungen eine gezielte Anhebung des ganzen Hauses erm\u00f6glichten (1978-1983).<\/p>\n<p>Ein weiteres Prestigeprojekt in den 1990er Jahren war die Erneuerung des Bottroper Kirschemmsbach (ab 1992), wobei die Firma Evers in Arbeitsgemeinschaft die Stahlbetonarbeiten des Rohrvortriebs ausf\u00fchrte. Dies war eine der ersten Ma\u00dfnahmen, welche die Firma Evers f\u00fcr die Emschergenossenschaft im Zuge der Renaturierung der Emscher in Auftrag gab. Der Abschluss dieser Arbeiten mit der feierlichen Einweihung des Kirschemmsbach in 2008 markiert zugleich den Beginn einer andauernden Zusammenarbeit im Bereich kommunaler Infrastrukturen der mit Emschergenossenschaft.[\/vc_column_text][\/vc_column][vc_column width=&#8220;1\/2&#8243;][vc_column_text css=&#8220;.vc_custom_1589123146733{padding-bottom: 20px !important;}&#8220;]<\/p>\n<h5>Projekte: damals<\/h5>\n<p>[\/vc_column_text][vc_gallery interval=&#8220;0&#8243; images=&#8220;3426,3417,3410,3411,3409&#8243; img_size=&#8220;full&#8220; onclick=&#8220;&#8220;][\/vc_column][\/vc_row][vc_row top=&#8220;0px&#8220; bottom=&#8220;20px&#8220; row_show_on=&#8220;hide_on_normal_screen,hide_tablet_landscape,hide_mobile_landscape,hide_mobile_portrait&#8220;][vc_column width=&#8220;1\/2&#8243; css=&#8220;.vc_custom_1483456471634{padding-right: 30px !important;}&#8220;][vc_column_text]<strong>Fr\u00fche Arbeitsbereiche waren damals<\/strong><\/p>\n<p>neben dem klassichen Hochbau (Haus- und Wohnungsbau) bereits fr\u00fch auch der Industriebau sowie die Verwirklichung anspruchsvoller Sonderprojekte, wie z.B. einem Hausbau mit Kellern aus Stahlbeton, welche zum Ausgleich von Bergsetzungen eine gezielte Anhebung des ganzen Hauses erm\u00f6glichten (1978-1983).<\/p>\n<p>Ein weiteres Prestigeprojekt in den 1990er Jahren war die Erneuerung des Bottroper Kirschemmsbach (ab 1992), wobei die Firma Evers in Arbeitsgemeinschaft die Stahlbetonarbeiten des Rohrvortriebs ausf\u00fchrte. Dies war eine der ersten Ma\u00dfnahmen, welche die Firma Evers f\u00fcr die Emschergenossenschaft im Zuge der Renaturierung der Emscher in Auftrag gab. Der Abschluss dieser Arbeiten mit der feierlichen Einweihung des Kirschemmsbach in 2008 markiert zugleich den Beginn einer andauernden Zusammenarbeit im Bereich kommunaler Infrastrukturen der mit Emschergenossenschaft.[\/vc_column_text][\/vc_column][vc_column width=&#8220;1\/2&#8243;][vc_column_text css=&#8220;.vc_custom_1589123146733{padding-bottom: 20px !important;}&#8220;]<\/p>\n<h5>Projekte: damals<\/h5>\n<p>[\/vc_column_text][vc_gallery interval=&#8220;0&#8243; images=&#8220;3426,3417,3410&#8243; img_size=&#8220;full&#8220; onclick=&#8220;&#8220;][vc_gallery interval=&#8220;0&#8243; images=&#8220;3411,3409&#8243; img_size=&#8220;full&#8220; onclick=&#8220;&#8220;][\/vc_column][\/vc_row][vc_row top=&#8220;0px&#8220; bottom=&#8220;20px&#8220;][vc_column][vc_column_text]<\/p>\n<h3 style=\"font-size: 30px; font-weight: 300; text-align: left;\"><span style=\"color: #000000;\"><strong><span style=\"font-size: 14pt;\">Die Gegenwart<br \/>\n<\/span><\/strong><\/span><\/h3>\n<p>[\/vc_column_text][\/vc_column][\/vc_row][vc_row top=&#8220;0px&#8220; bottom=&#8220;20px&#8220; row_show_on=&#8220;hide_tablet_portrait&#8220;][vc_column width=&#8220;1\/2&#8243;][vc_column_text css=&#8220;.vc_custom_1589123247059{padding-bottom: 20px !important;}&#8220;]<\/p>\n<h5>Stefan Evers 2015<\/h5>\n<p>[\/vc_column_text][vc_single_image image=&#8220;3480&#8243; img_size=&#8220;full&#8220; css_animation=&#8220;fadeInLeft&#8220;][\/vc_column][vc_column width=&#8220;1\/2&#8243;][vc_column_text]<strong>ist weiter durch Wandel und Wachstum gepr\u00e4gt.<\/strong><\/p>\n<p>Stefan Evers \u00fcbernimmt im Jahr 2000 den Betrieb seines Vaters Werner, der nach \u00fcber 34 Jahren in den wohlverdienten Ruhestand ging. 8 Jahre nach seiner eigenen Meisterpr\u00fcfung setzt er entschlossen die professionelle Entwicklung des Familienbetriebes fort.<\/p>\n<p>Im Jahr 2005 erfolgte die formale Umwandlung vom Einzelunternehmen zur Stefan Evers Bauunternehmung GmbH.<\/p>\n<p>Traditionsgem\u00e4\u00df realisierte die Firma Evers in den 2000er Jahren etliche markante Arbeiten f\u00fcr prominente Bottroper Kunden im Hochbau, wie z.B. den Umbau der Alten B\u00f6rse (2001),\u00a0 die letzte Modernisierung der Hauptgesch\u00e4ftsstelle der Volksbank, die Errichtung nahezu aller neueren Betriebsgeb\u00e4uden der Firma Mengede oder auch die Modernisierung von Seniorenwohnungen f\u00fcr die Caritas und die Ruhrkohle.<\/p>\n<p>Weiter entwickelten sich damals parallel zum Hochbau die heutigen Arbeitsschwerpunkte Instandhaltung, Abbrucharbeiten und Tiefbau. Besondere Leistungen sind dabei sowohl der Spezialbetonbau als auch Betonbohr- und S\u00e4gearbeiten.[\/vc_column_text][\/vc_column][\/vc_row][vc_row top=&#8220;0px&#8220; bottom=&#8220;20px&#8220; row_show_on=&#8220;hide_on_normal_screen,hide_tablet_landscape,hide_mobile_landscape,hide_mobile_portrait&#8220;][vc_column width=&#8220;1\/2&#8243;][vc_column_text css=&#8220;.vc_custom_1589123247059{padding-bottom: 20px !important;}&#8220;]<\/p>\n<h5>Stefan Evers 2015<\/h5>\n<p>[\/vc_column_text][vc_single_image image=&#8220;3480&#8243; img_size=&#8220;full&#8220; css_animation=&#8220;fadeInLeft&#8220;][\/vc_column][vc_column width=&#8220;1\/2&#8243;][vc_column_text]<strong>ist durch Wandel und Wachstum gepr\u00e4gt.<\/strong><\/p>\n<p>Stefan Evers \u00fcbernimmt im Jahr 2000 den Betrieb seines Vaters Werner, der nach \u00fcber 34 Jahren in den wohlverdienten Ruhestand ging. 8 Jahre nach seiner eigenen Meisterpr\u00fcfung setzt er entschlossen die professionelle Entwicklung des Familienbetriebes fort.<\/p>\n<p>Im Jahr 2005 erfolgte die formale Umwandlung vom Einzelunternehmen zur Stefan Evers Bauunternehmung GmbH.<\/p>\n<p>Traditionsgem\u00e4\u00df realisierte die Firma Evers in den 2000er Jahren etliche markante Arbeiten f\u00fcr prominente Bottroper Kunden im Hochbau, wie z.B. den Umbau der Alten B\u00f6rse (2001),\u00a0 die letzte Modernisierung der Hauptgesch\u00e4ftsstelle der Volksbank, die Errichtung nahezu aller neueren Betriebsgeb\u00e4uden der Firma Mengede oder auch die Modernisierung von Seniorenwohnungen f\u00fcr die Caritas und die Ruhrkohle.<\/p>\n<p>Weiter entwickelten sich damals parallel zum Hochbau die heutigen Arbeitsschwerpunkte Instandhaltung, Abbrucharbeiten und Tiefbau. Besondere Leistungen sind dabei sowohl der Spezialbetonbau als auch Betonbohr- und S\u00e4gearbeiten.[\/vc_column_text][\/vc_column][\/vc_row][vc_row top=&#8220;0px&#8220; bottom=&#8220;40px&#8220;][vc_column width=&#8220;1\/2&#8243;][vc_column_text css=&#8220;.vc_custom_1589123304418{padding-bottom: 20px !important;}&#8220;]<\/p>\n<h5>Betriebsgel\u00e4nde &#8222;Weuster Stra\u00dfe&#8220;<\/h5>\n<p>[\/vc_column_text][vc_single_image image=&#8220;3503&#8243; img_size=&#8220;full&#8220; css_animation=&#8220;fadeInRight&#8220;][\/vc_column][vc_column width=&#8220;1\/2&#8243;][vc_column_text]<strong>Ma\u00dfgeblich f\u00fcr die heutige Leistungsst\u00e4rke<br \/>\n<\/strong><\/p>\n<p>der Stefan Evers Bauunternehmung GmbH war im Weiteren der Umzug 2009 auf das wiederum gr\u00f6\u00dfere Betriebsgel\u00e4nde an der Weuster Stra\u00dfe im Gewerbegebiet Bottrop-Boy.<\/p>\n<p>Mit einer Standortgr\u00f6\u00dfe von 5500 Quadratmeter h\u00e4lt der Familienbetrieb Evers dort die notwendigen Recourcen vom Fuhrpark bis zum Spezialwerkzeug vor, um den heutigen Herausforderungen zu begegnen.[\/vc_column_text][\/vc_column][\/vc_row][vc_row top=&#8220;10px&#8220; bottom=&#8220;10px&#8220;][vc_column][vc_column_text]<\/p>\n<h3 style=\"font-size: 30px; font-weight: 300; text-align: left;\"><span style=\"color: #000000;\"><strong><span style=\"font-size: 14pt;\">Die n\u00e4chste Generation<\/span><\/strong><\/span><\/h3>\n<p>[\/vc_column_text][\/vc_column][\/vc_row][vc_row top=&#8220;0px&#8220; bottom=&#8220;100px&#8220; row_show_on=&#8220;hide_tablet_portrait&#8220;][vc_column width=&#8220;1\/2&#8243;][vc_column_text]<strong>macht sich bereit den Staffelstab zu \u00fcbernehmen.<\/strong><\/p>\n<p>Max Evers hat sich 2016 entschieden die Familientradition fortzusetzen und absolviert zurzeit voller Elan seine Ausbildung im elterlichen Betrieb.<\/p>\n<p>Er lernt hierbei nicht nur alle Aspekte unseres Arbeits- und Leistungsspektrums kennen, sondern auch die typsichen Werte eines mittelst\u00e4ndischen Familienunternehmens in der 3. Generation.<\/p>\n<p><strong>Pers\u00f6nliches Engagement, Zuverl\u00e4ssigkeit und Qualit\u00e4tsbewusstsein.<\/strong>[\/vc_column_text][\/vc_column][vc_column width=&#8220;1\/2&#8243;][vc_column_text css=&#8220;.vc_custom_1589123334014{padding-bottom: 20px !important;}&#8220;]<\/p>\n<h5>Max Evers<\/h5>\n<p>[\/vc_column_text][vc_single_image image=&#8220;3338&#8243; img_size=&#8220;full&#8220; css_animation=&#8220;fadeInRight&#8220;][\/vc_column][\/vc_row][vc_row top=&#8220;0px&#8220; bottom=&#8220;100px&#8220; row_show_on=&#8220;hide_on_normal_screen,hide_tablet_landscape,hide_mobile_landscape,hide_mobile_portrait&#8220;][vc_column width=&#8220;1\/2&#8243;][vc_column_text]<strong>macht sich f\u00fcr den Staffelstab bereit.<\/strong><\/p>\n<p>Max Evers hat sich 2016 entschieden die Familientradition fortzusetzen und absolviert zurzeit voller Elan seine Ausbildung im elterlichen Betrieb.<\/p>\n<p>Er lernt hierbei nicht nur alle Aspekte unseres Arbeits- und Leistungsspektrums kennen, sondern auch die typsichen Werte eines mittelst\u00e4ndischen Familienunternehmens in der 3. Generation.<\/p>\n<p><strong>Pers\u00f6nliches Engagement, Zuverl\u00e4ssigkeit und Qualit\u00e4tsbewusstsein.<\/strong>[\/vc_column_text][\/vc_column][vc_column width=&#8220;1\/2&#8243;][vc_column_text css=&#8220;.vc_custom_1589123334014{padding-bottom: 20px !important;}&#8220;]<\/p>\n<h5>Max Evers<\/h5>\n<p>[\/vc_column_text][vc_single_image image=&#8220;3338&#8243; img_size=&#8220;full&#8220; css_animation=&#8220;fadeInRight&#8220;][\/vc_column][\/vc_row][vc_row parallax_bg=&#8220;parallax-bg&#8220; bg_cover=&#8220;cover&#8220; bg_position=&#8220;&#8220; textalign=&#8220;center&#8220; top=&#8220;80px&#8220; bottom=&#8220;100px&#8220; row_show_on=&#8220;hide_mobile_landscape,hide_mobile_portrait&#8220; bg_image=&#8220;3068&#8243;][vc_column][vc_custom_heading text=&#8220;Vielen Dank f\u00fcr Ihr Interesse !&#8220; font_container=&#8220;tag:h2|font_size:60px|text_align:center|color:%23ffffff&#8220; google_fonts=&#8220;font_family:Oleo%20Script%3Aregular%2C700|font_style:400%20regular%3A400%3Anormal&#8220;][vc_button title=&#8220;Kontakt&#8220; size=&#8220;btn-large&#8220; color=&#8220;btn_white&#8220; button_style=&#8220;minimal_style&#8220; css_animation=&#8220;fadeIn&#8220; link=&#8220;url:https%3A%2F%2Fevers-bau.de%2Findex.php%2Fkontakt%2F|||&#8220;][vc_empty_space height=&#8220;20px&#8220;][\/vc_column][\/vc_row][vc_row parallax_bg=&#8220;parallax-bg&#8220; bg_cover=&#8220;cover&#8220; bg_position=&#8220;&#8220; textalign=&#8220;center&#8220; top=&#8220;80px&#8220; bottom=&#8220;100px&#8220; row_show_on=&#8220;hide_on_normal_screen,hide_tablet_landscape,hide_tablet_portrait&#8220; bg_image=&#8220;3068&#8243;][vc_column][vc_custom_heading text=&#8220;Vielen Dank f\u00fcr Ihr Interesse !&#8220; font_container=&#8220;tag:h3|font_size:40px|text_align:center|color:%23ffffff&#8220; google_fonts=&#8220;font_family:Oleo%20Script%3Aregular%2C700|font_style:400%20regular%3A400%3Anormal&#8220;][vc_button title=&#8220;Kontakt&#8220; size=&#8220;btn-large&#8220; color=&#8220;btn_white&#8220; button_style=&#8220;minimal_style&#8220; css_animation=&#8220;fadeIn&#8220; link=&#8220;url:https%3A%2F%2Fevers-bau.de%2Findex.php%2Fkontakt%2F|||&#8220;][\/vc_column][\/vc_row]<\/p>\n","protected":false},"excerpt":{"rendered":"<p>[vc_row full_content_width=&#8220;row-inner-full&#8220; row_seperator=&#8220;row-line-seperator&#8220; top=&#8220;0px&#8220; bottom=&#8220;20px&#8220;][vc_column][rev_slider_vc alias=&#8220;image-hero7&#8243;][\/vc_column][\/vc_row][vc_row top=&#8220;15px&#8220; bottom=&#8220;0px&#8220;][vc_column][vc_custom_heading text=&#8220;Stefan Evers Bauunternehmung&#8220; font_container=&#8220;tag:h3|font_size:26px|text_align:left|color:%23dd3333&#8243; use_theme_fonts=&#8220;yes&#8220; css_animation=&#8220;fadeIn&#8220;][\/vc_column][\/vc_row][vc_row top=&#8220;5px&#8220; bottom=&#8220;20px&#8220;][vc_column][vc_column_text] Firmenhistorie &#8222;Tradition hei\u00dft nicht, Asche zu bewachen, sondern die Glut anzufachen.&#8220; (Benjamin Franklin) Dies k\u00f6nnte ein Leitmotiv sein, welches die Firma Stefan Evers Bauunternehmung seit nunmehr \u00fcber 50 Jahren begleitet. Wir stellen uns heute mit Elan aktuellen Herausforderungen wie [&hellip;]<\/p>\n","protected":false},"author":1,"featured_media":0,"parent":0,"menu_order":0,"comment_status":"closed","ping_status":"closed","template":"page-full-width.php","meta":[],"_links":{"self":[{"href":"https:\/\/evers-bau.de\/index.php\/wp-json\/wp\/v2\/pages\/2996"}],"collection":[{"href":"https:\/\/evers-bau.de\/index.php\/wp-json\/wp\/v2\/pages"}],"about":[{"href":"https:\/\/evers-bau.de\/index.php\/wp-json\/wp\/v2\/types\/page"}],"author":[{"embeddable":true,"href":"https:\/\/evers-bau.de\/index.php\/wp-json\/wp\/v2\/users\/1"}],"replies":[{"embeddable":true,"href":"https:\/\/evers-bau.de\/index.php\/wp-json\/wp\/v2\/comments?post=2996"}],"version-history":[{"count":175,"href":"https:\/\/evers-bau.de\/index.php\/wp-json\/wp\/v2\/pages\/2996\/revisions"}],"predecessor-version":[{"id":4742,"href":"https:\/\/evers-bau.de\/index.php\/wp-json\/wp\/v2\/pages\/2996\/revisions\/4742"}],"wp:attachment":[{"href":"https:\/\/evers-bau.de\/index.php\/wp-json\/wp\/v2\/media?parent=2996"}],"curies":[{"name":"wp","href":"https:\/\/api.w.org\/{rel}","templated":true}]}}